{"id":924,"date":"2015-05-08T13:22:48","date_gmt":"2015-05-08T13:22:48","guid":{"rendered":"http:\/\/localhost\/wordpress\/renovate\/?page_id=4"},"modified":"2021-09-27T21:31:51","modified_gmt":"2021-09-27T18:31:51","slug":"home","status":"publish","type":"page","link":"https:\/\/riverdesignlondon.co.uk\/shop\/tr\/home\/","title":{"rendered":"SHOP"},"content":{"rendered":"<p>[vc_row css=&#8221;.vc_custom_1575880186020{background-color: #f5f5f5 !important;}&#8221; el_class=&#8221;page-padding-top-section&#8221;][vc_column width=&#8221;1\/4&#8243;][vc_single_image image=&#8221;1181&#8243; img_size=&#8221;large&#8221; alignment=&#8221;center&#8221; style=&#8221;vc_box_outline&#8221; onclick=&#8221;custom_link&#8221; link=&#8221;#&#8221;][vc_empty_space]<a class=\"re-action-button template-shopping-cart\" href=\"\" title=\"Hareketli Mobilyalar\">Hareketli Mobilyalar<\/a>[\/vc_column][vc_column width=&#8221;1\/4&#8243;][vc_single_image image=&#8221;1036&#8243; img_size=&#8221;large&#8221; alignment=&#8221;center&#8221; style=&#8221;vc_box_outline&#8221; onclick=&#8221;custom_link&#8221; link=&#8221;http:\/\/riverdesignlondon.co.uk\/shop\/toplanti-ve-gorusme-odalari\/&#8221;][vc_empty_space]<a class=\"re-action-button template-shopping-cart\" href=\"http:\/\/riverdesignlondon.co.uk\/shop\/toplanti-ve-gorusme-odalari\/\" title=\"Toplant\u0131 ve G\u00f6r\u00fc\u015fme Odalar\u0131\">Toplant\u0131 ve G\u00f6r\u00fc\u015fme Odalar\u0131<\/a>[\/vc_column][vc_column width=&#8221;1\/4&#8243;][vc_single_image image=&#8221;1080&#8243; img_size=&#8221;large&#8221; alignment=&#8221;center&#8221; style=&#8221;vc_box_outline&#8221; onclick=&#8221;custom_link&#8221; link=&#8221;http:\/\/riverdesignlondon.co.uk\/shop\/uyku-odalari\/&#8221;][vc_empty_space]<a class=\"re-action-button template-shopping-cart\" href=\"http:\/\/riverdesignlondon.co.uk\/shop\/uyku-odalari\/\" title=\"Uyku Odalar\u0131\">Uyku Odalar\u0131<\/a>[\/vc_column][vc_column width=&#8221;1\/4&#8243;][vc_single_image image=&#8221;1182&#8243; img_size=&#8221;large&#8221; alignment=&#8221;center&#8221; style=&#8221;vc_box_outline&#8221; onclick=&#8221;custom_link&#8221; link=&#8221;#&#8221;][vc_empty_space]<a class=\"re-action-button template-shopping-cart\" href=\"\" title=\"Kiral\u0131k \u00dcr\u00fcnler\">Kiral\u0131k \u00dcr\u00fcnler<\/a>[\/vc_column][\/vc_row][vc_row][vc_column][vc_empty_space height=&#8221;132px&#8221;][\/vc_column][\/vc_row]<\/p>\n","protected":false},"excerpt":{"rendered":"<p>[vc_row css=&#8221;.vc_custom_1575880186020{background-color: #f5f5f5 !important;}&#8221; el_class=&#8221;page-padding-top-section&#8221;][vc_column width=&#8221;1\/4&#8243;][vc_single_image image=&#8221;1181&#8243; img_size=&#8221;large&#8221; alignment=&#8221;center&#8221; style=&#8221;vc_box_outline&#8221; onclick=&#8221;custom_link&#8221; link=&#8221;#&#8221;][vc_empty_space][\/vc_column][vc_column width=&#8221;1\/4&#8243;][vc_single_image image=&#8221;1036&#8243; img_size=&#8221;large&#8221; alignment=&#8221;center&#8221; style=&#8221;vc_box_outline&#8221; onclick=&#8221;custom_link&#8221; link=&#8221;http:\/\/riverdesignlondon.co.uk\/shop\/toplanti-ve-gorusme-odalari\/&#8221;][vc_empty_space][\/vc_column][vc_column width=&#8221;1\/4&#8243;][vc_single_image image=&#8221;1080&#8243; img_size=&#8221;large&#8221; alignment=&#8221;center&#8221; style=&#8221;vc_box_outline&#8221; onclick=&#8221;custom_link&#8221; link=&#8221;http:\/\/riverdesignlondon.co.uk\/shop\/uyku-odalari\/&#8221;][vc_empty_space][\/vc_column][vc_column width=&#8221;1\/4&#8243;][vc_single_image image=&#8221;1182&#8243; img_size=&#8221;large&#8221; alignment=&#8221;center&#8221; style=&#8221;vc_box_outline&#8221; onclick=&#8221;custom_link&#8221; link=&#8221;#&#8221;][vc_empty_space][\/vc_column][\/vc_row][vc_row][vc_column][vc_empty_space height=&#8221;132px&#8221;][\/vc_column][\/vc_row]<\/p>\n","protected":false},"author":1,"featured_media":0,"parent":0,"menu_order":0,"comment_status":"open","ping_status":"open","template":"template-default-without-breadcrumbs.php","meta":[],"yoast_head":"<!-- This site is optimized with the Yoast SEO plugin v17.2 - https:\/\/yoast.com\/wordpress\/plugins\/seo\/ -->\n<title>SHOP - River Desing London<\/title>\n<meta name=\"description\" content=\"Hareketli Mobilyalar, Hareketli Toplant\u0131 ve G\u00f6r\u00fc\u015fme Odalar\u0131, Dinlenme ve Uyku Odalar\u0131 ve di\u011fer \u00fcr\u00fcnlerimizi incelemek i\u00e7in t\u0131klay\u0131n\u0131z.\" \/>\n<meta name=\"robots\" content=\"index, follow, max-snippet:-1, max-image-preview:large, max-video-preview:-1\" \/>\n<link rel=\"canonical\" href=\"https:\/\/riverdesignlondon.co.uk\/shop\/tr\/home\/\" \/>\n<meta property=\"og:locale\" content=\"tr_TR\" \/>\n<meta property=\"og:type\" content=\"article\" \/>\n<meta property=\"og:title\" content=\"SHOP - River Desing London\" \/>\n<meta property=\"og:description\" content=\"Hareketli Mobilyalar, Hareketli Toplant\u0131 ve G\u00f6r\u00fc\u015fme Odalar\u0131, Dinlenme ve Uyku Odalar\u0131 ve di\u011fer \u00fcr\u00fcnlerimizi incelemek i\u00e7in t\u0131klay\u0131n\u0131z.\" \/>\n<meta property=\"og:url\" content=\"https:\/\/riverdesignlondon.co.uk\/shop\/tr\/home\/\" \/>\n<meta property=\"og:site_name\" content=\"River Desing London\" \/>\n<meta property=\"article:modified_time\" content=\"2021-09-27T18:31:51+00:00\" \/>\n<meta name=\"twitter:card\" content=\"summary_large_image\" \/>\n<meta name=\"twitter:label1\" content=\"Tahmini okuma s\u00fcresi\" \/>\n\t<meta name=\"twitter:data1\" content=\"1 dakika\" \/>\n<script type=\"application\/ld+json\" class=\"yoast-schema-graph\">{\"@context\":\"https:\/\/schema.org\",\"@graph\":[{\"@type\":\"Organization\",\"@id\":\"https:\/\/riverdesignlondon.co.uk\/shop\/#organization\",\"name\":\"River Renovation and Design Studio London\",\"url\":\"https:\/\/riverdesignlondon.co.uk\/shop\/\",\"sameAs\":[],\"logo\":{\"@type\":\"ImageObject\",\"@id\":\"https:\/\/riverdesignlondon.co.uk\/shop\/#logo\",\"inLanguage\":\"tr\",\"url\":\"https:\/\/riverdesignlondon.co.uk\/shop\/wp-content\/uploads\/2019\/12\/logo-yazi-design-london-renovation.png\",\"contentUrl\":\"https:\/\/riverdesignlondon.co.uk\/shop\/wp-content\/uploads\/2019\/12\/logo-yazi-design-london-renovation.png\",\"width\":370,\"height\":100,\"caption\":\"River Renovation and Design Studio London\"},\"image\":{\"@id\":\"https:\/\/riverdesignlondon.co.uk\/shop\/#logo\"}},{\"@type\":\"WebSite\",\"@id\":\"https:\/\/riverdesignlondon.co.uk\/shop\/#website\",\"url\":\"https:\/\/riverdesignlondon.co.uk\/shop\/\",\"name\":\"River Desing London\",\"description\":\"Design, Build and Renovation\",\"publisher\":{\"@id\":\"https:\/\/riverdesignlondon.co.uk\/shop\/#organization\"},\"potentialAction\":[{\"@type\":\"SearchAction\",\"target\":{\"@type\":\"EntryPoint\",\"urlTemplate\":\"https:\/\/riverdesignlondon.co.uk\/shop\/?s={search_term_string}\"},\"query-input\":\"required name=search_term_string\"}],\"inLanguage\":\"tr\"},{\"@type\":\"WebPage\",\"@id\":\"https:\/\/riverdesignlondon.co.uk\/shop\/tr\/home\/#webpage\",\"url\":\"https:\/\/riverdesignlondon.co.uk\/shop\/tr\/home\/\",\"name\":\"SHOP - River Desing London\",\"isPartOf\":{\"@id\":\"https:\/\/riverdesignlondon.co.uk\/shop\/#website\"},\"datePublished\":\"2015-05-08T13:22:48+00:00\",\"dateModified\":\"2021-09-27T18:31:51+00:00\",\"description\":\"Hareketli Mobilyalar, Hareketli Toplant\\u0131 ve G\\u00f6r\\u00fc\\u015fme Odalar\\u0131, Dinlenme ve Uyku Odalar\\u0131 ve di\\u011fer \\u00fcr\\u00fcnlerimizi incelemek i\\u00e7in t\\u0131klay\\u0131n\\u0131z.\",\"breadcrumb\":{\"@id\":\"https:\/\/riverdesignlondon.co.uk\/shop\/tr\/home\/#breadcrumb\"},\"inLanguage\":\"tr\",\"potentialAction\":[{\"@type\":\"ReadAction\",\"target\":[\"https:\/\/riverdesignlondon.co.uk\/shop\/tr\/home\/\"]}]},{\"@type\":\"BreadcrumbList\",\"@id\":\"https:\/\/riverdesignlondon.co.uk\/shop\/tr\/home\/#breadcrumb\",\"itemListElement\":[{\"@type\":\"ListItem\",\"position\":1,\"name\":\"Anasayfa\",\"item\":\"https:\/\/riverdesignlondon.co.uk\/shop\/tr\/home\/\"},{\"@type\":\"ListItem\",\"position\":2,\"name\":\"SHOP\"}]}]}<\/script>\n<!-- \/ Yoast SEO plugin. -->","yoast_head_json":{"title":"SHOP - River Desing London","description":"Hareketli Mobilyalar, Hareketli Toplant\u0131 ve G\u00f6r\u00fc\u015fme Odalar\u0131, Dinlenme ve Uyku Odalar\u0131 ve di\u011fer \u00fcr\u00fcnlerimizi incelemek i\u00e7in t\u0131klay\u0131n\u0131z.","robots":{"index":"index","follow":"follow","max-snippet":"max-snippet:-1","max-image-preview":"max-image-preview:large","max-video-preview":"max-video-preview:-1"},"canonical":"https:\/\/riverdesignlondon.co.uk\/shop\/tr\/home\/","og_locale":"tr_TR","og_type":"article","og_title":"SHOP - River Desing London","og_description":"Hareketli Mobilyalar, Hareketli Toplant\u0131 ve G\u00f6r\u00fc\u015fme Odalar\u0131, Dinlenme ve Uyku Odalar\u0131 ve di\u011fer \u00fcr\u00fcnlerimizi incelemek i\u00e7in t\u0131klay\u0131n\u0131z.","og_url":"https:\/\/riverdesignlondon.co.uk\/shop\/tr\/home\/","og_site_name":"River Desing London","article_modified_time":"2021-09-27T18:31:51+00:00","twitter_card":"summary_large_image","twitter_misc":{"Tahmini okuma s\u00fcresi":"1 dakika"},"schema":{"@context":"https:\/\/schema.org","@graph":[{"@type":"Organization","@id":"https:\/\/riverdesignlondon.co.uk\/shop\/#organization","name":"River Renovation and Design Studio London","url":"https:\/\/riverdesignlondon.co.uk\/shop\/","sameAs":[],"logo":{"@type":"ImageObject","@id":"https:\/\/riverdesignlondon.co.uk\/shop\/#logo","inLanguage":"tr","url":"https:\/\/riverdesignlondon.co.uk\/shop\/wp-content\/uploads\/2019\/12\/logo-yazi-design-london-renovation.png","contentUrl":"https:\/\/riverdesignlondon.co.uk\/shop\/wp-content\/uploads\/2019\/12\/logo-yazi-design-london-renovation.png","width":370,"height":100,"caption":"River Renovation and Design Studio London"},"image":{"@id":"https:\/\/riverdesignlondon.co.uk\/shop\/#logo"}},{"@type":"WebSite","@id":"https:\/\/riverdesignlondon.co.uk\/shop\/#website","url":"https:\/\/riverdesignlondon.co.uk\/shop\/","name":"River Desing London","description":"Design, Build and Renovation","publisher":{"@id":"https:\/\/riverdesignlondon.co.uk\/shop\/#organization"},"potentialAction":[{"@type":"SearchAction","target":{"@type":"EntryPoint","urlTemplate":"https:\/\/riverdesignlondon.co.uk\/shop\/?s={search_term_string}"},"query-input":"required name=search_term_string"}],"inLanguage":"tr"},{"@type":"WebPage","@id":"https:\/\/riverdesignlondon.co.uk\/shop\/tr\/home\/#webpage","url":"https:\/\/riverdesignlondon.co.uk\/shop\/tr\/home\/","name":"SHOP - River Desing London","isPartOf":{"@id":"https:\/\/riverdesignlondon.co.uk\/shop\/#website"},"datePublished":"2015-05-08T13:22:48+00:00","dateModified":"2021-09-27T18:31:51+00:00","description":"Hareketli Mobilyalar, Hareketli Toplant\u0131 ve G\u00f6r\u00fc\u015fme Odalar\u0131, Dinlenme ve Uyku Odalar\u0131 ve di\u011fer \u00fcr\u00fcnlerimizi incelemek i\u00e7in t\u0131klay\u0131n\u0131z.","breadcrumb":{"@id":"https:\/\/riverdesignlondon.co.uk\/shop\/tr\/home\/#breadcrumb"},"inLanguage":"tr","potentialAction":[{"@type":"ReadAction","target":["https:\/\/riverdesignlondon.co.uk\/shop\/tr\/home\/"]}]},{"@type":"BreadcrumbList","@id":"https:\/\/riverdesignlondon.co.uk\/shop\/tr\/home\/#breadcrumb","itemListElement":[{"@type":"ListItem","position":1,"name":"Anasayfa","item":"https:\/\/riverdesignlondon.co.uk\/shop\/tr\/home\/"},{"@type":"ListItem","position":2,"name":"SHOP"}]}]}},"_links":{"self":[{"href":"https:\/\/riverdesignlondon.co.uk\/shop\/wp-json\/wp\/v2\/pages\/924"}],"collection":[{"href":"https:\/\/riverdesignlondon.co.uk\/shop\/wp-json\/wp\/v2\/pages"}],"about":[{"href":"https:\/\/riverdesignlondon.co.uk\/shop\/wp-json\/wp\/v2\/types\/page"}],"author":[{"embeddable":true,"href":"https:\/\/riverdesignlondon.co.uk\/shop\/wp-json\/wp\/v2\/users\/1"}],"replies":[{"embeddable":true,"href":"https:\/\/riverdesignlondon.co.uk\/shop\/wp-json\/wp\/v2\/comments?post=924"}],"version-history":[{"count":3,"href":"https:\/\/riverdesignlondon.co.uk\/shop\/wp-json\/wp\/v2\/pages\/924\/revisions"}],"predecessor-version":[{"id":1260,"href":"https:\/\/riverdesignlondon.co.uk\/shop\/wp-json\/wp\/v2\/pages\/924\/revisions\/1260"}],"wp:attachment":[{"href":"https:\/\/riverdesignlondon.co.uk\/shop\/wp-json\/wp\/v2\/media?parent=924"}],"curies":[{"name":"wp","href":"https:\/\/api.w.org\/{rel}","templated":true}]}}