{"id":1277,"date":"2021-09-01T10:06:54","date_gmt":"2021-09-01T07:06:54","guid":{"rendered":"https:\/\/riverdesignlondon.co.uk\/shop\/?page_id=1277"},"modified":"2021-09-27T21:20:57","modified_gmt":"2021-09-27T18:20:57","slug":"meeting-and-discussion-rooms","status":"publish","type":"page","link":"https:\/\/riverdesignlondon.co.uk\/shop\/meeting-and-discussion-rooms\/","title":{"rendered":"Meeting and Discussion Rooms"},"content":{"rendered":"<p>[vc_row el_class=&#8221;margin-top-70&#8243;][vc_column][vc_tabs el_class=&#8221;small align-left margin-top-40 gray&#8221;][vc_tab title=&#8221;Indoor Products&#8221; tab_id=&#8221;1630500858322-0-1&#8243;][vc_row_inner type=&#8221;cost-calculator-container&#8221; el_class=&#8221;margin-top-30&#8243;][vc_column_inner width=&#8221;1\/3&#8243;]<div class=\"cost-calculator-box cost-calculator-clearfix\"><label for=\"fe-length\">G TYPE<\/label><input type=\"hidden\" name=\"length-label\" value=\"G TYPE\"><input id=\"fe-length\" class=\"cost-calculator-cost-slider-input type-number cost-calculator-big\" name=\"length\" type=\"number\" value=\"\" data-value=\"\" placeholder=\"Fence Length\">\r\n\t\t<\/div>[vc_single_image image=&#8221;1036&#8243; img_size=&#8221;large&#8221; alignment=&#8221;center&#8221; onclick=&#8221;custom_link&#8221; link=&#8221;https:\/\/riverdesignlondon.co.uk\/shop\/preliminary-information-form-for-g-type\/&#8221;][vc_empty_space]<a class=\"more\" href=\"https:\/\/riverdesignlondon.co.uk\/shop\/preliminary-information-form-for-g-type\/\" target=\"_blank\" title=\"Details\">Details<\/a>[\/vc_column_inner][vc_column_inner width=&#8221;1\/3&#8243;]<div class=\"cost-calculator-box cost-calculator-clearfix\"><label for=\"Model 2\">GP TYPE<\/label><input type=\"hidden\" name=\"length-label\" value=\"GP TYPE\"><input id=\"Model 2\" class=\"cost-calculator-cost-slider-input type-number cost-calculator-big\" name=\"length\" type=\"number\" value=\"\" data-value=\"\" placeholder=\"Fence Length\">\r\n\t\t<\/div>[vc_single_image image=&#8221;1037&#8243; img_size=&#8221;large&#8221; alignment=&#8221;center&#8221; onclick=&#8221;custom_link&#8221; link=&#8221;https:\/\/riverdesignlondon.co.uk\/shop\/preliminary-information-form-for-gp-type\/&#8221;][vc_empty_space]<a class=\"more\" href=\"https:\/\/riverdesignlondon.co.uk\/shop\/preliminary-information-form-for-gp-type\/\" target=\"_blank\" title=\"Details\">Details<\/a>[\/vc_column_inner][vc_column_inner width=&#8221;1\/3&#8243;][\/vc_column_inner][\/vc_row_inner][\/vc_tab][vc_tab title=&#8221;Outdoor Products&#8221; tab_id=&#8221;1630500858547-0-7&#8243;][vc_row_inner][vc_column_inner width=&#8221;1\/3&#8243;]<div class=\"cost-calculator-box cost-calculator-clearfix\"><label for=\"Model 3\">HONEYCOMB 1<\/label><input type=\"hidden\" name=\"length-label\" value=\"HONEYCOMB 1\"><input id=\"Model 3\" class=\"cost-calculator-cost-slider-input type-number cost-calculator-big\" name=\"length\" type=\"number\" value=\"\" data-value=\"\" placeholder=\"Fence Length\">\r\n\t\t<\/div>[vc_single_image image=&#8221;1034&#8243; img_size=&#8221;large&#8221; alignment=&#8221;center&#8221; onclick=&#8221;custom_link&#8221; link=&#8221;https:\/\/riverdesignlondon.co.uk\/shop\/preliminary-information-form-for-honeycomb-1\/&#8221;][vc_empty_space]<a class=\"more\" href=\"https:\/\/riverdesignlondon.co.uk\/shop\/preliminary-information-form-for-honeycomb-1\/\" target=\"_blank\" title=\"Details\">Details<\/a>[\/vc_column_inner][vc_column_inner width=&#8221;1\/3&#8243;]<div class=\"cost-calculator-box cost-calculator-clearfix\"><label for=\"fe-length\">HONEYCOMB 2<\/label><input type=\"hidden\" name=\"length-label\" value=\"HONEYCOMB 2\"><input id=\"fe-length\" class=\"cost-calculator-cost-slider-input type-number cost-calculator-big\" name=\"length\" type=\"number\" value=\"\" data-value=\"\" placeholder=\"Fence Length\">\r\n\t\t<\/div>[vc_single_image image=&#8221;1035&#8243; img_size=&#8221;large&#8221; alignment=&#8221;center&#8221; onclick=&#8221;custom_link&#8221; link=&#8221;https:\/\/riverdesignlondon.co.uk\/shop\/preliminary-information-form-for-honeycomb-2\/&#8221;][vc_empty_space]<a class=\"more\" href=\"https:\/\/riverdesignlondon.co.uk\/shop\/preliminary-information-form-for-honeycomb-2\/\" target=\"_blank\" title=\"Details\">Details<\/a>[\/vc_column_inner][vc_column_inner width=&#8221;1\/3&#8243;][\/vc_column_inner][\/vc_row_inner][\/vc_tab][\/vc_tabs][\/vc_column][\/vc_row][vc_row disable_element=&#8221;yes&#8221; el_class=&#8221;margin-top-70&#8243;][vc_column][vc_tabs el_class=&#8221;small align-left margin-top-40 gray&#8221;][vc_tab title=&#8221;Indoor Products&#8221; tab_id=&#8221;1575382897102-1-1&#8243;][vc_row_inner type=&#8221;cost-calculator-container&#8221; el_class=&#8221;margin-top-30&#8243;][vc_column_inner width=&#8221;1\/4&#8243;]<div class=\"cost-calculator-box cost-calculator-clearfix\"><label for=\"fe-length\">G TYPE<\/label><input type=\"hidden\" name=\"length-label\" value=\"G TYPE\"><input id=\"fe-length\" class=\"cost-calculator-cost-slider-input type-number cost-calculator-big\" name=\"length\" type=\"number\" value=\"\" data-value=\"\" placeholder=\"Fence Length\">\r\n\t\t<\/div>[vc_single_image image=&#8221;1036&#8243; img_size=&#8221;large&#8221; alignment=&#8221;center&#8221; onclick=&#8221;custom_link&#8221; link=&#8221;http:\/\/riverdesignlondon.co.uk\/shop\/g-type-on-bilgi-formu\/&#8221;][vc_empty_space]<a class=\"more\" href=\"http:\/\/riverdesignlondon.co.uk\/shop\/g-type-on-bilgi-formu\/\" target=\"_blank\" title=\"\u0130nceleyin\">\u0130nceleyin<\/a>[\/vc_column_inner][vc_column_inner width=&#8221;1\/4&#8243;]<div class=\"cost-calculator-box cost-calculator-clearfix\"><label for=\"Model 2\">GP TYPE<\/label><input type=\"hidden\" name=\"length-label\" value=\"GP TYPE\"><input id=\"Model 2\" class=\"cost-calculator-cost-slider-input type-number cost-calculator-big\" name=\"length\" type=\"number\" value=\"\" data-value=\"\" placeholder=\"Fence Length\">\r\n\t\t<\/div>[vc_single_image image=&#8221;1037&#8243; img_size=&#8221;large&#8221; alignment=&#8221;center&#8221; onclick=&#8221;custom_link&#8221; link=&#8221;http:\/\/riverdesignlondon.co.uk\/shop\/gp-type-on-bilgi-formu\/&#8221;][vc_empty_space]<a class=\"more\" href=\"http:\/\/riverdesignlondon.co.uk\/shop\/gp-type-on-bilgi-formu\/\" target=\"_blank\" title=\"\u0130nceleyin\">\u0130nceleyin<\/a>[\/vc_column_inner][vc_column_inner width=&#8221;1\/4&#8243;]<div class=\"cost-calculator-box cost-calculator-clearfix\"><label for=\"Model 3\">HONEYCOMB 1<\/label><input type=\"hidden\" name=\"length-label\" value=\"HONEYCOMB 1\"><input id=\"Model 3\" class=\"cost-calculator-cost-slider-input type-number cost-calculator-big\" name=\"length\" type=\"number\" value=\"\" data-value=\"\" placeholder=\"Fence Length\">\r\n\t\t<\/div>[vc_single_image image=&#8221;1034&#8243; img_size=&#8221;large&#8221; alignment=&#8221;center&#8221; onclick=&#8221;custom_link&#8221; link=&#8221;http:\/\/riverdesignlondon.co.uk\/shop\/honeycomb-1-on-bilgi-formu\/&#8221;][vc_empty_space]<a class=\"more\" href=\"http:\/\/riverdesignlondon.co.uk\/shop\/honeycomb-1-on-bilgi-formu\/\" target=\"_blank\" title=\"\u0130nceleyin\">\u0130nceleyin<\/a>[\/vc_column_inner][vc_column_inner width=&#8221;1\/4&#8243;]<div class=\"cost-calculator-box cost-calculator-clearfix\"><label for=\"fe-length\">HONEYCOMB 2<\/label><input type=\"hidden\" name=\"length-label\" value=\"HONEYCOMB 2\"><input id=\"fe-length\" class=\"cost-calculator-cost-slider-input type-number cost-calculator-big\" name=\"length\" type=\"number\" value=\"\" data-value=\"\" placeholder=\"Fence Length\">\r\n\t\t<\/div>[vc_single_image image=&#8221;1035&#8243; img_size=&#8221;large&#8221; alignment=&#8221;center&#8221; onclick=&#8221;custom_link&#8221; link=&#8221;http:\/\/riverdesignlondon.co.uk\/shop\/honeycomb-2-on-bilgi-formu\/&#8221;][vc_empty_space]<a class=\"more\" href=\"http:\/\/riverdesignlondon.co.uk\/shop\/honeycomb-2-on-bilgi-formu\/\" target=\"_blank\" title=\"\u0130nceleyin\">\u0130nceleyin<\/a>[\/vc_column_inner][\/vc_row_inner][\/vc_tab][vc_tab title=&#8221;Outdoor Products&#8221; tab_id=&#8221;fence&#8221;][vc_row_inner type=&#8221;cost-calculator-container&#8221; el_class=&#8221;margin-top-30&#8243;][vc_column_inner][vc_column_text]<strong>\u00dcr\u00fcnler g\u00fcncelleniyor.<\/strong>[\/vc_column_text][\/vc_column_inner][\/vc_row_inner][\/vc_tab][\/vc_tabs][\/vc_column][\/vc_row]<\/p>\n","protected":false},"excerpt":{"rendered":"<p>[vc_row el_class=&#8221;margin-top-70&#8243;][vc_column][vc_tabs el_class=&#8221;small align-left margin-top-40 gray&#8221;][vc_tab title=&#8221;Indoor Products&#8221; tab_id=&#8221;1630500858322-0-1&#8243;][vc_row_inner type=&#8221;cost-calculator-container&#8221; el_class=&#8221;margin-top-30&#8243;][vc_column_inner width=&#8221;1\/3&#8243;][vc_single_image image=&#8221;1036&#8243; img_size=&#8221;large&#8221; alignment=&#8221;center&#8221; onclick=&#8221;custom_link&#8221; link=&#8221;https:\/\/riverdesignlondon.co.uk\/shop\/preliminary-information-form-for-g-type\/&#8221;][vc_empty_space][\/vc_column_inner][vc_column_inner width=&#8221;1\/3&#8243;][vc_single_image image=&#8221;1037&#8243; img_size=&#8221;large&#8221; alignment=&#8221;center&#8221; onclick=&#8221;custom_link&#8221; link=&#8221;https:\/\/riverdesignlondon.co.uk\/shop\/preliminary-information-form-for-gp-type\/&#8221;][vc_empty_space][\/vc_column_inner][vc_column_inner width=&#8221;1\/3&#8243;][\/vc_column_inner][\/vc_row_inner][\/vc_tab][vc_tab title=&#8221;Outdoor Products&#8221; tab_id=&#8221;1630500858547-0-7&#8243;][vc_row_inner][vc_column_inner width=&#8221;1\/3&#8243;][vc_single_image image=&#8221;1034&#8243; img_size=&#8221;large&#8221; alignment=&#8221;center&#8221; onclick=&#8221;custom_link&#8221; link=&#8221;https:\/\/riverdesignlondon.co.uk\/shop\/preliminary-information-form-for-honeycomb-1\/&#8221;][vc_empty_space][\/vc_column_inner][vc_column_inner width=&#8221;1\/3&#8243;][vc_single_image image=&#8221;1035&#8243; img_size=&#8221;large&#8221; alignment=&#8221;center&#8221; onclick=&#8221;custom_link&#8221; link=&#8221;https:\/\/riverdesignlondon.co.uk\/shop\/preliminary-information-form-for-honeycomb-2\/&#8221;][vc_empty_space][\/vc_column_inner][vc_column_inner width=&#8221;1\/3&#8243;][\/vc_column_inner][\/vc_row_inner][\/vc_tab][\/vc_tabs][\/vc_column][\/vc_row][vc_row disable_element=&#8221;yes&#8221; el_class=&#8221;margin-top-70&#8243;][vc_column][vc_tabs el_class=&#8221;small align-left margin-top-40 gray&#8221;][vc_tab title=&#8221;Indoor Products&#8221; tab_id=&#8221;1575382897102-1-1&#8243;][vc_row_inner type=&#8221;cost-calculator-container&#8221; el_class=&#8221;margin-top-30&#8243;][vc_column_inner width=&#8221;1\/4&#8243;][vc_single_image image=&#8221;1036&#8243; img_size=&#8221;large&#8221; alignment=&#8221;center&#8221;<\/p>\n","protected":false},"author":1,"featured_media":0,"parent":0,"menu_order":0,"comment_status":"closed","ping_status":"closed","template":"","meta":[],"yoast_head":"<!-- This site is optimized with the Yoast SEO plugin v17.2 - https:\/\/yoast.com\/wordpress\/plugins\/seo\/ -->\n<title>Meeting and Discussion Rooms - River Desing London<\/title>\n<meta name=\"description\" content=\"Sit down and enjoy yourself. Meeting and Discussion Rooms, Movable meeting room. We have created modern, easy to use tecnologically compact, relax spaces\" \/>\n<meta name=\"robots\" content=\"index, follow, max-snippet:-1, max-image-preview:large, max-video-preview:-1\" \/>\n<link rel=\"canonical\" href=\"https:\/\/riverdesignlondon.co.uk\/shop\/meeting-and-discussion-rooms\/\" \/>\n<meta property=\"og:locale\" content=\"tr_TR\" \/>\n<meta property=\"og:type\" content=\"article\" \/>\n<meta property=\"og:title\" content=\"Meeting and Discussion Rooms - River Desing London\" \/>\n<meta property=\"og:description\" content=\"Sit down and enjoy yourself. Meeting and Discussion Rooms, Movable meeting room. We have created modern, easy to use tecnologically compact, relax spaces\" \/>\n<meta property=\"og:url\" content=\"https:\/\/riverdesignlondon.co.uk\/shop\/meeting-and-discussion-rooms\/\" \/>\n<meta property=\"og:site_name\" content=\"River Desing London\" \/>\n<meta property=\"article:modified_time\" content=\"2021-09-27T18:20:57+00:00\" \/>\n<meta name=\"twitter:card\" content=\"summary_large_image\" \/>\n<meta name=\"twitter:label1\" content=\"Tahmini okuma s\u00fcresi\" \/>\n\t<meta name=\"twitter:data1\" content=\"3 dakika\" \/>\n<script type=\"application\/ld+json\" class=\"yoast-schema-graph\">{\"@context\":\"https:\/\/schema.org\",\"@graph\":[{\"@type\":\"Organization\",\"@id\":\"https:\/\/riverdesignlondon.co.uk\/shop\/#organization\",\"name\":\"River Renovation and Design Studio London\",\"url\":\"https:\/\/riverdesignlondon.co.uk\/shop\/\",\"sameAs\":[],\"logo\":{\"@type\":\"ImageObject\",\"@id\":\"https:\/\/riverdesignlondon.co.uk\/shop\/#logo\",\"inLanguage\":\"tr\",\"url\":\"https:\/\/riverdesignlondon.co.uk\/shop\/wp-content\/uploads\/2019\/12\/logo-yazi-design-london-renovation.png\",\"contentUrl\":\"https:\/\/riverdesignlondon.co.uk\/shop\/wp-content\/uploads\/2019\/12\/logo-yazi-design-london-renovation.png\",\"width\":370,\"height\":100,\"caption\":\"River Renovation and Design Studio London\"},\"image\":{\"@id\":\"https:\/\/riverdesignlondon.co.uk\/shop\/#logo\"}},{\"@type\":\"WebSite\",\"@id\":\"https:\/\/riverdesignlondon.co.uk\/shop\/#website\",\"url\":\"https:\/\/riverdesignlondon.co.uk\/shop\/\",\"name\":\"River Desing London\",\"description\":\"Design, Build and Renovation\",\"publisher\":{\"@id\":\"https:\/\/riverdesignlondon.co.uk\/shop\/#organization\"},\"potentialAction\":[{\"@type\":\"SearchAction\",\"target\":{\"@type\":\"EntryPoint\",\"urlTemplate\":\"https:\/\/riverdesignlondon.co.uk\/shop\/?s={search_term_string}\"},\"query-input\":\"required name=search_term_string\"}],\"inLanguage\":\"tr\"},{\"@type\":\"WebPage\",\"@id\":\"https:\/\/riverdesignlondon.co.uk\/shop\/meeting-and-discussion-rooms\/#webpage\",\"url\":\"https:\/\/riverdesignlondon.co.uk\/shop\/meeting-and-discussion-rooms\/\",\"name\":\"Meeting and Discussion Rooms - River Desing London\",\"isPartOf\":{\"@id\":\"https:\/\/riverdesignlondon.co.uk\/shop\/#website\"},\"datePublished\":\"2021-09-01T07:06:54+00:00\",\"dateModified\":\"2021-09-27T18:20:57+00:00\",\"description\":\"Sit down and enjoy yourself. Meeting and Discussion Rooms, Movable meeting room. We have created modern, easy to use tecnologically compact, relax spaces\",\"breadcrumb\":{\"@id\":\"https:\/\/riverdesignlondon.co.uk\/shop\/meeting-and-discussion-rooms\/#breadcrumb\"},\"inLanguage\":\"tr\",\"potentialAction\":[{\"@type\":\"ReadAction\",\"target\":[\"https:\/\/riverdesignlondon.co.uk\/shop\/meeting-and-discussion-rooms\/\"]}]},{\"@type\":\"BreadcrumbList\",\"@id\":\"https:\/\/riverdesignlondon.co.uk\/shop\/meeting-and-discussion-rooms\/#breadcrumb\",\"itemListElement\":[{\"@type\":\"ListItem\",\"position\":1,\"name\":\"Anasayfa\",\"item\":\"https:\/\/riverdesignlondon.co.uk\/shop\/tr\/home\/\"},{\"@type\":\"ListItem\",\"position\":2,\"name\":\"Meeting and Discussion Rooms\"}]}]}<\/script>\n<!-- \/ Yoast SEO plugin. -->","yoast_head_json":{"title":"Meeting and Discussion Rooms - River Desing London","description":"Sit down and enjoy yourself. Meeting and Discussion Rooms, Movable meeting room. We have created modern, easy to use tecnologically compact, relax spaces","robots":{"index":"index","follow":"follow","max-snippet":"max-snippet:-1","max-image-preview":"max-image-preview:large","max-video-preview":"max-video-preview:-1"},"canonical":"https:\/\/riverdesignlondon.co.uk\/shop\/meeting-and-discussion-rooms\/","og_locale":"tr_TR","og_type":"article","og_title":"Meeting and Discussion Rooms - River Desing London","og_description":"Sit down and enjoy yourself. Meeting and Discussion Rooms, Movable meeting room. We have created modern, easy to use tecnologically compact, relax spaces","og_url":"https:\/\/riverdesignlondon.co.uk\/shop\/meeting-and-discussion-rooms\/","og_site_name":"River Desing London","article_modified_time":"2021-09-27T18:20:57+00:00","twitter_card":"summary_large_image","twitter_misc":{"Tahmini okuma s\u00fcresi":"3 dakika"},"schema":{"@context":"https:\/\/schema.org","@graph":[{"@type":"Organization","@id":"https:\/\/riverdesignlondon.co.uk\/shop\/#organization","name":"River Renovation and Design Studio London","url":"https:\/\/riverdesignlondon.co.uk\/shop\/","sameAs":[],"logo":{"@type":"ImageObject","@id":"https:\/\/riverdesignlondon.co.uk\/shop\/#logo","inLanguage":"tr","url":"https:\/\/riverdesignlondon.co.uk\/shop\/wp-content\/uploads\/2019\/12\/logo-yazi-design-london-renovation.png","contentUrl":"https:\/\/riverdesignlondon.co.uk\/shop\/wp-content\/uploads\/2019\/12\/logo-yazi-design-london-renovation.png","width":370,"height":100,"caption":"River Renovation and Design Studio London"},"image":{"@id":"https:\/\/riverdesignlondon.co.uk\/shop\/#logo"}},{"@type":"WebSite","@id":"https:\/\/riverdesignlondon.co.uk\/shop\/#website","url":"https:\/\/riverdesignlondon.co.uk\/shop\/","name":"River Desing London","description":"Design, Build and Renovation","publisher":{"@id":"https:\/\/riverdesignlondon.co.uk\/shop\/#organization"},"potentialAction":[{"@type":"SearchAction","target":{"@type":"EntryPoint","urlTemplate":"https:\/\/riverdesignlondon.co.uk\/shop\/?s={search_term_string}"},"query-input":"required name=search_term_string"}],"inLanguage":"tr"},{"@type":"WebPage","@id":"https:\/\/riverdesignlondon.co.uk\/shop\/meeting-and-discussion-rooms\/#webpage","url":"https:\/\/riverdesignlondon.co.uk\/shop\/meeting-and-discussion-rooms\/","name":"Meeting and Discussion Rooms - River Desing London","isPartOf":{"@id":"https:\/\/riverdesignlondon.co.uk\/shop\/#website"},"datePublished":"2021-09-01T07:06:54+00:00","dateModified":"2021-09-27T18:20:57+00:00","description":"Sit down and enjoy yourself. Meeting and Discussion Rooms, Movable meeting room. We have created modern, easy to use tecnologically compact, relax spaces","breadcrumb":{"@id":"https:\/\/riverdesignlondon.co.uk\/shop\/meeting-and-discussion-rooms\/#breadcrumb"},"inLanguage":"tr","potentialAction":[{"@type":"ReadAction","target":["https:\/\/riverdesignlondon.co.uk\/shop\/meeting-and-discussion-rooms\/"]}]},{"@type":"BreadcrumbList","@id":"https:\/\/riverdesignlondon.co.uk\/shop\/meeting-and-discussion-rooms\/#breadcrumb","itemListElement":[{"@type":"ListItem","position":1,"name":"Anasayfa","item":"https:\/\/riverdesignlondon.co.uk\/shop\/tr\/home\/"},{"@type":"ListItem","position":2,"name":"Meeting and Discussion Rooms"}]}]}},"_links":{"self":[{"href":"https:\/\/riverdesignlondon.co.uk\/shop\/wp-json\/wp\/v2\/pages\/1277"}],"collection":[{"href":"https:\/\/riverdesignlondon.co.uk\/shop\/wp-json\/wp\/v2\/pages"}],"about":[{"href":"https:\/\/riverdesignlondon.co.uk\/shop\/wp-json\/wp\/v2\/types\/page"}],"author":[{"embeddable":true,"href":"https:\/\/riverdesignlondon.co.uk\/shop\/wp-json\/wp\/v2\/users\/1"}],"replies":[{"embeddable":true,"href":"https:\/\/riverdesignlondon.co.uk\/shop\/wp-json\/wp\/v2\/comments?post=1277"}],"version-history":[{"count":10,"href":"https:\/\/riverdesignlondon.co.uk\/shop\/wp-json\/wp\/v2\/pages\/1277\/revisions"}],"predecessor-version":[{"id":1287,"href":"https:\/\/riverdesignlondon.co.uk\/shop\/wp-json\/wp\/v2\/pages\/1277\/revisions\/1287"}],"wp:attachment":[{"href":"https:\/\/riverdesignlondon.co.uk\/shop\/wp-json\/wp\/v2\/media?parent=1277"}],"curies":[{"name":"wp","href":"https:\/\/api.w.org\/{rel}","templated":true}]}}