{"id":1106,"date":"2020-01-30T00:56:04","date_gmt":"2020-01-29T21:56:04","guid":{"rendered":"http:\/\/riverdesignlondon.co.uk\/shop\/?page_id=1106"},"modified":"2021-09-27T20:30:18","modified_gmt":"2021-09-27T17:30:18","slug":"g-type-on-bilgi-formu","status":"publish","type":"page","link":"https:\/\/riverdesignlondon.co.uk\/shop\/tr\/g-type-on-bilgi-formu\/","title":{"rendered":"G TYPE \u00d6n Bilgi Formu"},"content":{"rendered":"<p>[vc_row][vc_column width=&#8221;1\/2&#8243;][vc_column_text]<\/p>\n<p>\u0130nceledi\u011finiz \u00fcr\u00fcn\u00fcn detayl\u0131 PDF d\u00f6k\u00fcman\u0131n\u0131 incelemek i\u00e7in \u00f6n bilgilendirme formunu doldurunuz.<\/p>\n<p>[\/vc_column_text][\/vc_column][vc_column width=&#8221;1\/2&#8243;][vc_column_text]<div role=\"form\" class=\"wpcf7\" id=\"wpcf7-f1103-o1\" lang=\"tr-TR\" dir=\"ltr\">\n<div class=\"screen-reader-response\"><p role=\"status\" aria-live=\"polite\" aria-atomic=\"true\"><\/p> <ul><\/ul><\/div>\n<form action=\"\/shop\/wp-json\/wp\/v2\/pages\/1106#wpcf7-f1103-o1\" method=\"post\" class=\"wpcf7-form init\" novalidate=\"novalidate\" data-status=\"init\">\n<div style=\"display: none;\">\n<input type=\"hidden\" name=\"_wpcf7\" value=\"1103\" \/>\n<input type=\"hidden\" name=\"_wpcf7_version\" value=\"5.4.2\" \/>\n<input type=\"hidden\" name=\"_wpcf7_locale\" value=\"tr_TR\" \/>\n<input type=\"hidden\" name=\"_wpcf7_unit_tag\" value=\"wpcf7-f1103-o1\" \/>\n<input type=\"hidden\" name=\"_wpcf7_container_post\" value=\"0\" \/>\n<input type=\"hidden\" name=\"_wpcf7_posted_data_hash\" value=\"\" \/>\n<\/div>\n<div class=\"contact-form\">\n<div class=\"row\">\n<div class=\"columns columns-6\">\n<span><span class=\"wpcf7-form-control-wrap isim\"><input type=\"text\" name=\"isim\" value=\"\" size=\"40\" class=\"wpcf7-form-control wpcf7-text wpcf7-validates-as-required\" aria-required=\"true\" aria-invalid=\"false\" placeholder=\"\u0130sim Soyisim\" \/><\/span><\/span><span><span class=\"wpcf7-form-control-wrap email-414\"><input type=\"email\" name=\"email-414\" value=\"\" size=\"40\" class=\"wpcf7-form-control wpcf7-text wpcf7-email wpcf7-validates-as-required wpcf7-validates-as-email\" aria-required=\"true\" aria-invalid=\"false\" placeholder=\"Eposta Adresi\" \/><\/span><\/span><span><br \/>\n<span class=\"wpcf7-form-control-wrap tel-577\"><input type=\"tel\" name=\"tel-577\" value=\"\" size=\"40\" class=\"wpcf7-form-control wpcf7-text wpcf7-tel wpcf7-validates-as-required wpcf7-validates-as-tel\" aria-required=\"true\" aria-invalid=\"false\" placeholder=\"Telefon Numaras\u0131\" \/><\/span><\/span><span><span class=\"wpcf7-form-control-wrap sirket\"><input type=\"text\" name=\"sirket\" value=\"\" size=\"40\" class=\"wpcf7-form-control wpcf7-text\" aria-invalid=\"false\" placeholder=\"\u015eirket\" \/><\/span><\/span><\/div>\n<div class=\"columns columns-6\">\n<span><br><input type=\"submit\" value=\"\u00dcr\u00fcn\u00fc \u0130ncele\" class=\"wpcf7-form-control wpcf7-submit button\" \/><\/span><\/div>\n<\/div>\n<\/div>\n<div class=\"wpcf7-response-output\" aria-hidden=\"true\"><\/div><\/form><\/div>\n<p><!-- \/wp:paragraph -->[\/vc_column_text][\/vc_column][\/vc_row]<\/p>\n","protected":false},"excerpt":{"rendered":"<p>[vc_row][vc_column width=&#8221;1\/2&#8243;][vc_column_text] \u0130nceledi\u011finiz \u00fcr\u00fcn\u00fcn detayl\u0131 PDF d\u00f6k\u00fcman\u0131n\u0131 incelemek i\u00e7in \u00f6n bilgilendirme formunu doldurunuz. [\/vc_column_text][\/vc_column][vc_column width=&#8221;1\/2&#8243;][vc_column_text] [\/vc_column_text][\/vc_column][\/vc_row]<\/p>\n","protected":false},"author":1,"featured_media":0,"parent":0,"menu_order":0,"comment_status":"closed","ping_status":"closed","template":"","meta":[],"yoast_head":"<!-- This site is optimized with the Yoast SEO plugin v17.2 - https:\/\/yoast.com\/wordpress\/plugins\/seo\/ -->\n<title>Hareketli Toplant\u0131 ve G\u00f6r\u00fc\u015fme Odalar\u0131 - G Type - River Desing London<\/title>\n<meta name=\"description\" content=\"Toplant\u0131 ve Tart\u0131\u015fma Odalar\u0131, Hareketli toplant\u0131 odas\u0131. Modern, kullan\u0131m\u0131 kolay, teknolojik olarak kompakt, rahat alanlar yaratt\u0131k. Oturun ve keyfinize bak\u0131n\" \/>\n<meta name=\"robots\" content=\"index, follow, max-snippet:-1, max-image-preview:large, max-video-preview:-1\" \/>\n<link rel=\"canonical\" href=\"https:\/\/riverdesignlondon.co.uk\/shop\/tr\/g-type-on-bilgi-formu\/\" \/>\n<meta property=\"og:locale\" content=\"tr_TR\" \/>\n<meta property=\"og:type\" content=\"article\" \/>\n<meta property=\"og:title\" content=\"Hareketli Toplant\u0131 ve G\u00f6r\u00fc\u015fme Odalar\u0131 - G Type - River Desing London\" \/>\n<meta property=\"og:description\" content=\"Toplant\u0131 ve Tart\u0131\u015fma Odalar\u0131, Hareketli toplant\u0131 odas\u0131. Modern, kullan\u0131m\u0131 kolay, teknolojik olarak kompakt, rahat alanlar yaratt\u0131k. Oturun ve keyfinize bak\u0131n\" \/>\n<meta property=\"og:url\" content=\"https:\/\/riverdesignlondon.co.uk\/shop\/tr\/g-type-on-bilgi-formu\/\" \/>\n<meta property=\"og:site_name\" content=\"River Desing London\" \/>\n<meta property=\"article:modified_time\" content=\"2021-09-27T17:30:18+00:00\" \/>\n<meta name=\"twitter:card\" content=\"summary_large_image\" \/>\n<script type=\"application\/ld+json\" class=\"yoast-schema-graph\">{\"@context\":\"https:\/\/schema.org\",\"@graph\":[{\"@type\":\"Organization\",\"@id\":\"https:\/\/riverdesignlondon.co.uk\/shop\/#organization\",\"name\":\"River Renovation and Design Studio London\",\"url\":\"https:\/\/riverdesignlondon.co.uk\/shop\/\",\"sameAs\":[],\"logo\":{\"@type\":\"ImageObject\",\"@id\":\"https:\/\/riverdesignlondon.co.uk\/shop\/#logo\",\"inLanguage\":\"tr\",\"url\":\"https:\/\/riverdesignlondon.co.uk\/shop\/wp-content\/uploads\/2019\/12\/logo-yazi-design-london-renovation.png\",\"contentUrl\":\"https:\/\/riverdesignlondon.co.uk\/shop\/wp-content\/uploads\/2019\/12\/logo-yazi-design-london-renovation.png\",\"width\":370,\"height\":100,\"caption\":\"River Renovation and Design Studio London\"},\"image\":{\"@id\":\"https:\/\/riverdesignlondon.co.uk\/shop\/#logo\"}},{\"@type\":\"WebSite\",\"@id\":\"https:\/\/riverdesignlondon.co.uk\/shop\/#website\",\"url\":\"https:\/\/riverdesignlondon.co.uk\/shop\/\",\"name\":\"River Desing London\",\"description\":\"Design, Build and Renovation\",\"publisher\":{\"@id\":\"https:\/\/riverdesignlondon.co.uk\/shop\/#organization\"},\"potentialAction\":[{\"@type\":\"SearchAction\",\"target\":{\"@type\":\"EntryPoint\",\"urlTemplate\":\"https:\/\/riverdesignlondon.co.uk\/shop\/?s={search_term_string}\"},\"query-input\":\"required name=search_term_string\"}],\"inLanguage\":\"tr\"},{\"@type\":\"WebPage\",\"@id\":\"https:\/\/riverdesignlondon.co.uk\/shop\/tr\/g-type-on-bilgi-formu\/#webpage\",\"url\":\"https:\/\/riverdesignlondon.co.uk\/shop\/tr\/g-type-on-bilgi-formu\/\",\"name\":\"Hareketli Toplant\\u0131 ve G\\u00f6r\\u00fc\\u015fme Odalar\\u0131 - G Type - River Desing London\",\"isPartOf\":{\"@id\":\"https:\/\/riverdesignlondon.co.uk\/shop\/#website\"},\"datePublished\":\"2020-01-29T21:56:04+00:00\",\"dateModified\":\"2021-09-27T17:30:18+00:00\",\"description\":\"Toplant\\u0131 ve Tart\\u0131\\u015fma Odalar\\u0131, Hareketli toplant\\u0131 odas\\u0131. Modern, kullan\\u0131m\\u0131 kolay, teknolojik olarak kompakt, rahat alanlar yaratt\\u0131k. Oturun ve keyfinize bak\\u0131n\",\"breadcrumb\":{\"@id\":\"https:\/\/riverdesignlondon.co.uk\/shop\/tr\/g-type-on-bilgi-formu\/#breadcrumb\"},\"inLanguage\":\"tr\",\"potentialAction\":[{\"@type\":\"ReadAction\",\"target\":[\"https:\/\/riverdesignlondon.co.uk\/shop\/tr\/g-type-on-bilgi-formu\/\"]}]},{\"@type\":\"BreadcrumbList\",\"@id\":\"https:\/\/riverdesignlondon.co.uk\/shop\/tr\/g-type-on-bilgi-formu\/#breadcrumb\",\"itemListElement\":[{\"@type\":\"ListItem\",\"position\":1,\"name\":\"Anasayfa\",\"item\":\"https:\/\/riverdesignlondon.co.uk\/shop\/tr\/home\/\"},{\"@type\":\"ListItem\",\"position\":2,\"name\":\"G TYPE \\u00d6n Bilgi Formu\"}]}]}<\/script>\n<!-- \/ Yoast SEO plugin. -->","yoast_head_json":{"title":"Hareketli Toplant\u0131 ve G\u00f6r\u00fc\u015fme Odalar\u0131 - G Type - River Desing London","description":"Toplant\u0131 ve Tart\u0131\u015fma Odalar\u0131, Hareketli toplant\u0131 odas\u0131. Modern, kullan\u0131m\u0131 kolay, teknolojik olarak kompakt, rahat alanlar yaratt\u0131k. Oturun ve keyfinize bak\u0131n","robots":{"index":"index","follow":"follow","max-snippet":"max-snippet:-1","max-image-preview":"max-image-preview:large","max-video-preview":"max-video-preview:-1"},"canonical":"https:\/\/riverdesignlondon.co.uk\/shop\/tr\/g-type-on-bilgi-formu\/","og_locale":"tr_TR","og_type":"article","og_title":"Hareketli Toplant\u0131 ve G\u00f6r\u00fc\u015fme Odalar\u0131 - G Type - River Desing London","og_description":"Toplant\u0131 ve Tart\u0131\u015fma Odalar\u0131, Hareketli toplant\u0131 odas\u0131. Modern, kullan\u0131m\u0131 kolay, teknolojik olarak kompakt, rahat alanlar yaratt\u0131k. Oturun ve keyfinize bak\u0131n","og_url":"https:\/\/riverdesignlondon.co.uk\/shop\/tr\/g-type-on-bilgi-formu\/","og_site_name":"River Desing London","article_modified_time":"2021-09-27T17:30:18+00:00","twitter_card":"summary_large_image","schema":{"@context":"https:\/\/schema.org","@graph":[{"@type":"Organization","@id":"https:\/\/riverdesignlondon.co.uk\/shop\/#organization","name":"River Renovation and Design Studio London","url":"https:\/\/riverdesignlondon.co.uk\/shop\/","sameAs":[],"logo":{"@type":"ImageObject","@id":"https:\/\/riverdesignlondon.co.uk\/shop\/#logo","inLanguage":"tr","url":"https:\/\/riverdesignlondon.co.uk\/shop\/wp-content\/uploads\/2019\/12\/logo-yazi-design-london-renovation.png","contentUrl":"https:\/\/riverdesignlondon.co.uk\/shop\/wp-content\/uploads\/2019\/12\/logo-yazi-design-london-renovation.png","width":370,"height":100,"caption":"River Renovation and Design Studio London"},"image":{"@id":"https:\/\/riverdesignlondon.co.uk\/shop\/#logo"}},{"@type":"WebSite","@id":"https:\/\/riverdesignlondon.co.uk\/shop\/#website","url":"https:\/\/riverdesignlondon.co.uk\/shop\/","name":"River Desing London","description":"Design, Build and Renovation","publisher":{"@id":"https:\/\/riverdesignlondon.co.uk\/shop\/#organization"},"potentialAction":[{"@type":"SearchAction","target":{"@type":"EntryPoint","urlTemplate":"https:\/\/riverdesignlondon.co.uk\/shop\/?s={search_term_string}"},"query-input":"required name=search_term_string"}],"inLanguage":"tr"},{"@type":"WebPage","@id":"https:\/\/riverdesignlondon.co.uk\/shop\/tr\/g-type-on-bilgi-formu\/#webpage","url":"https:\/\/riverdesignlondon.co.uk\/shop\/tr\/g-type-on-bilgi-formu\/","name":"Hareketli Toplant\u0131 ve G\u00f6r\u00fc\u015fme Odalar\u0131 - G Type - River Desing London","isPartOf":{"@id":"https:\/\/riverdesignlondon.co.uk\/shop\/#website"},"datePublished":"2020-01-29T21:56:04+00:00","dateModified":"2021-09-27T17:30:18+00:00","description":"Toplant\u0131 ve Tart\u0131\u015fma Odalar\u0131, Hareketli toplant\u0131 odas\u0131. Modern, kullan\u0131m\u0131 kolay, teknolojik olarak kompakt, rahat alanlar yaratt\u0131k. Oturun ve keyfinize bak\u0131n","breadcrumb":{"@id":"https:\/\/riverdesignlondon.co.uk\/shop\/tr\/g-type-on-bilgi-formu\/#breadcrumb"},"inLanguage":"tr","potentialAction":[{"@type":"ReadAction","target":["https:\/\/riverdesignlondon.co.uk\/shop\/tr\/g-type-on-bilgi-formu\/"]}]},{"@type":"BreadcrumbList","@id":"https:\/\/riverdesignlondon.co.uk\/shop\/tr\/g-type-on-bilgi-formu\/#breadcrumb","itemListElement":[{"@type":"ListItem","position":1,"name":"Anasayfa","item":"https:\/\/riverdesignlondon.co.uk\/shop\/tr\/home\/"},{"@type":"ListItem","position":2,"name":"G TYPE \u00d6n Bilgi Formu"}]}]}},"_links":{"self":[{"href":"https:\/\/riverdesignlondon.co.uk\/shop\/wp-json\/wp\/v2\/pages\/1106"}],"collection":[{"href":"https:\/\/riverdesignlondon.co.uk\/shop\/wp-json\/wp\/v2\/pages"}],"about":[{"href":"https:\/\/riverdesignlondon.co.uk\/shop\/wp-json\/wp\/v2\/types\/page"}],"author":[{"embeddable":true,"href":"https:\/\/riverdesignlondon.co.uk\/shop\/wp-json\/wp\/v2\/users\/1"}],"replies":[{"embeddable":true,"href":"https:\/\/riverdesignlondon.co.uk\/shop\/wp-json\/wp\/v2\/comments?post=1106"}],"version-history":[{"count":1,"href":"https:\/\/riverdesignlondon.co.uk\/shop\/wp-json\/wp\/v2\/pages\/1106\/revisions"}],"predecessor-version":[{"id":1366,"href":"https:\/\/riverdesignlondon.co.uk\/shop\/wp-json\/wp\/v2\/pages\/1106\/revisions\/1366"}],"wp:attachment":[{"href":"https:\/\/riverdesignlondon.co.uk\/shop\/wp-json\/wp\/v2\/media?parent=1106"}],"curies":[{"name":"wp","href":"https:\/\/api.w.org\/{rel}","templated":true}]}}