{"id":1069,"date":"2020-01-29T09:47:43","date_gmt":"2020-01-29T06:47:43","guid":{"rendered":"http:\/\/riverdesignlondon.co.uk\/shop\/?page_id=1069"},"modified":"2021-09-30T21:07:24","modified_gmt":"2021-09-30T18:07:24","slug":"uyku-odalari","status":"publish","type":"page","link":"https:\/\/riverdesignlondon.co.uk\/shop\/tr\/uyku-odalari\/","title":{"rendered":"Uyku Odalar\u0131"},"content":{"rendered":"<p>[vc_row el_class=&#8221;margin-top-70&#8243;][vc_column][vc_row_inner type=&#8221;cost-calculator-container&#8221; el_id=&#8221;fe-contact-form&#8221; el_class=&#8221;margin-top-30&#8243;][vc_column_inner width=&#8221;1\/3&#8243;]<div class=\"cost-calculator-box cost-calculator-clearfix\"><label for=\"Model 1\">Model 1<\/label><input type=\"hidden\" name=\"length-label\" value=\"Model 1\"><input id=\"Model 1\" class=\"cost-calculator-cost-slider-input type-number cost-calculator-big\" name=\"length\" type=\"number\" value=\"\" data-value=\"\" placeholder=\"Fence Length\">\r\n\t\t<\/div>[vc_single_image image=&#8221;1072&#8243; img_size=&#8221;large&#8221; alignment=&#8221;center&#8221; onclick=&#8221;custom_link&#8221; link=&#8221;http:\/\/riverdesignlondon.co.uk\/shop\/uyku-odalari-on-bilgi-formu\/&#8221;][vc_empty_space]<a class=\"more\" href=\"http:\/\/riverdesignlondon.co.uk\/shop\/uyku-odalari-on-bilgi-formu\/\" target=\"_blank\" title=\"\u0130nceleyin\">\u0130nceleyin<\/a>[\/vc_column_inner][vc_column_inner width=&#8221;1\/3&#8243;][\/vc_column_inner][vc_column_inner width=&#8221;1\/3&#8243;][\/vc_column_inner][\/vc_row_inner][\/vc_column][\/vc_row]<\/p>\n","protected":false},"excerpt":{"rendered":"<p>[vc_row el_class=&#8221;margin-top-70&#8243;][vc_column][vc_row_inner type=&#8221;cost-calculator-container&#8221; el_id=&#8221;fe-contact-form&#8221; el_class=&#8221;margin-top-30&#8243;][vc_column_inner width=&#8221;1\/3&#8243;][vc_single_image image=&#8221;1072&#8243; img_size=&#8221;large&#8221; alignment=&#8221;center&#8221; onclick=&#8221;custom_link&#8221; link=&#8221;http:\/\/riverdesignlondon.co.uk\/shop\/uyku-odalari-on-bilgi-formu\/&#8221;][vc_empty_space][\/vc_column_inner][vc_column_inner width=&#8221;1\/3&#8243;][\/vc_column_inner][vc_column_inner width=&#8221;1\/3&#8243;][\/vc_column_inner][\/vc_row_inner][\/vc_column][\/vc_row]<\/p>\n","protected":false},"author":1,"featured_media":0,"parent":0,"menu_order":0,"comment_status":"closed","ping_status":"closed","template":"","meta":[],"yoast_head":"<!-- This site is optimized with the Yoast SEO plugin v17.2 - https:\/\/yoast.com\/wordpress\/plugins\/seo\/ -->\n<title>Ta\u015f\u0131nabilir Uyku Odalar\u0131 - River Desing London<\/title>\n<meta name=\"description\" content=\"Ta\u015f\u0131nabilir, kullan\u0131m\u0131 kolay, teknolojik, kompakt dinlenme - uyku odalar\u0131 tasarlad\u0131k ve \u00fcrettik. \u00dcr\u00fcnlerimiz hakk\u0131nda detayl\u0131 bilgi almak i\u00e7in t\u0131klay\u0131n\u0131z.\" \/>\n<meta name=\"robots\" content=\"index, follow, max-snippet:-1, max-image-preview:large, max-video-preview:-1\" \/>\n<link rel=\"canonical\" href=\"https:\/\/riverdesignlondon.co.uk\/shop\/tr\/uyku-odalari\/\" \/>\n<meta property=\"og:locale\" content=\"tr_TR\" \/>\n<meta property=\"og:type\" content=\"article\" \/>\n<meta property=\"og:title\" content=\"Ta\u015f\u0131nabilir Uyku Odalar\u0131 - River Desing London\" \/>\n<meta property=\"og:description\" content=\"Ta\u015f\u0131nabilir, kullan\u0131m\u0131 kolay, teknolojik, kompakt dinlenme - uyku odalar\u0131 tasarlad\u0131k ve \u00fcrettik. \u00dcr\u00fcnlerimiz hakk\u0131nda detayl\u0131 bilgi almak i\u00e7in t\u0131klay\u0131n\u0131z.\" \/>\n<meta property=\"og:url\" content=\"https:\/\/riverdesignlondon.co.uk\/shop\/tr\/uyku-odalari\/\" \/>\n<meta property=\"og:site_name\" content=\"River Desing London\" \/>\n<meta property=\"article:modified_time\" content=\"2021-09-30T18:07:24+00:00\" \/>\n<meta name=\"twitter:card\" content=\"summary_large_image\" \/>\n<meta name=\"twitter:label1\" content=\"Tahmini okuma s\u00fcresi\" \/>\n\t<meta name=\"twitter:data1\" content=\"1 dakika\" \/>\n<script type=\"application\/ld+json\" class=\"yoast-schema-graph\">{\"@context\":\"https:\/\/schema.org\",\"@graph\":[{\"@type\":\"Organization\",\"@id\":\"https:\/\/riverdesignlondon.co.uk\/shop\/#organization\",\"name\":\"River Renovation and Design Studio London\",\"url\":\"https:\/\/riverdesignlondon.co.uk\/shop\/\",\"sameAs\":[],\"logo\":{\"@type\":\"ImageObject\",\"@id\":\"https:\/\/riverdesignlondon.co.uk\/shop\/#logo\",\"inLanguage\":\"tr\",\"url\":\"https:\/\/riverdesignlondon.co.uk\/shop\/wp-content\/uploads\/2019\/12\/logo-yazi-design-london-renovation.png\",\"contentUrl\":\"https:\/\/riverdesignlondon.co.uk\/shop\/wp-content\/uploads\/2019\/12\/logo-yazi-design-london-renovation.png\",\"width\":370,\"height\":100,\"caption\":\"River Renovation and Design Studio London\"},\"image\":{\"@id\":\"https:\/\/riverdesignlondon.co.uk\/shop\/#logo\"}},{\"@type\":\"WebSite\",\"@id\":\"https:\/\/riverdesignlondon.co.uk\/shop\/#website\",\"url\":\"https:\/\/riverdesignlondon.co.uk\/shop\/\",\"name\":\"River Desing London\",\"description\":\"Design, Build and Renovation\",\"publisher\":{\"@id\":\"https:\/\/riverdesignlondon.co.uk\/shop\/#organization\"},\"potentialAction\":[{\"@type\":\"SearchAction\",\"target\":{\"@type\":\"EntryPoint\",\"urlTemplate\":\"https:\/\/riverdesignlondon.co.uk\/shop\/?s={search_term_string}\"},\"query-input\":\"required name=search_term_string\"}],\"inLanguage\":\"tr\"},{\"@type\":\"WebPage\",\"@id\":\"https:\/\/riverdesignlondon.co.uk\/shop\/tr\/uyku-odalari\/#webpage\",\"url\":\"https:\/\/riverdesignlondon.co.uk\/shop\/tr\/uyku-odalari\/\",\"name\":\"Ta\\u015f\\u0131nabilir Uyku Odalar\\u0131 - River Desing London\",\"isPartOf\":{\"@id\":\"https:\/\/riverdesignlondon.co.uk\/shop\/#website\"},\"datePublished\":\"2020-01-29T06:47:43+00:00\",\"dateModified\":\"2021-09-30T18:07:24+00:00\",\"description\":\"Ta\\u015f\\u0131nabilir, kullan\\u0131m\\u0131 kolay, teknolojik, kompakt dinlenme - uyku odalar\\u0131 tasarlad\\u0131k ve \\u00fcrettik. \\u00dcr\\u00fcnlerimiz hakk\\u0131nda detayl\\u0131 bilgi almak i\\u00e7in t\\u0131klay\\u0131n\\u0131z.\",\"breadcrumb\":{\"@id\":\"https:\/\/riverdesignlondon.co.uk\/shop\/tr\/uyku-odalari\/#breadcrumb\"},\"inLanguage\":\"tr\",\"potentialAction\":[{\"@type\":\"ReadAction\",\"target\":[\"https:\/\/riverdesignlondon.co.uk\/shop\/tr\/uyku-odalari\/\"]}]},{\"@type\":\"BreadcrumbList\",\"@id\":\"https:\/\/riverdesignlondon.co.uk\/shop\/tr\/uyku-odalari\/#breadcrumb\",\"itemListElement\":[{\"@type\":\"ListItem\",\"position\":1,\"name\":\"Anasayfa\",\"item\":\"https:\/\/riverdesignlondon.co.uk\/shop\/tr\/home\/\"},{\"@type\":\"ListItem\",\"position\":2,\"name\":\"Uyku Odalar\\u0131\"}]}]}<\/script>\n<!-- \/ Yoast SEO plugin. -->","yoast_head_json":{"title":"Ta\u015f\u0131nabilir Uyku Odalar\u0131 - River Desing London","description":"Ta\u015f\u0131nabilir, kullan\u0131m\u0131 kolay, teknolojik, kompakt dinlenme - uyku odalar\u0131 tasarlad\u0131k ve \u00fcrettik. \u00dcr\u00fcnlerimiz hakk\u0131nda detayl\u0131 bilgi almak i\u00e7in t\u0131klay\u0131n\u0131z.","robots":{"index":"index","follow":"follow","max-snippet":"max-snippet:-1","max-image-preview":"max-image-preview:large","max-video-preview":"max-video-preview:-1"},"canonical":"https:\/\/riverdesignlondon.co.uk\/shop\/tr\/uyku-odalari\/","og_locale":"tr_TR","og_type":"article","og_title":"Ta\u015f\u0131nabilir Uyku Odalar\u0131 - River Desing London","og_description":"Ta\u015f\u0131nabilir, kullan\u0131m\u0131 kolay, teknolojik, kompakt dinlenme - uyku odalar\u0131 tasarlad\u0131k ve \u00fcrettik. \u00dcr\u00fcnlerimiz hakk\u0131nda detayl\u0131 bilgi almak i\u00e7in t\u0131klay\u0131n\u0131z.","og_url":"https:\/\/riverdesignlondon.co.uk\/shop\/tr\/uyku-odalari\/","og_site_name":"River Desing London","article_modified_time":"2021-09-30T18:07:24+00:00","twitter_card":"summary_large_image","twitter_misc":{"Tahmini okuma s\u00fcresi":"1 dakika"},"schema":{"@context":"https:\/\/schema.org","@graph":[{"@type":"Organization","@id":"https:\/\/riverdesignlondon.co.uk\/shop\/#organization","name":"River Renovation and Design Studio London","url":"https:\/\/riverdesignlondon.co.uk\/shop\/","sameAs":[],"logo":{"@type":"ImageObject","@id":"https:\/\/riverdesignlondon.co.uk\/shop\/#logo","inLanguage":"tr","url":"https:\/\/riverdesignlondon.co.uk\/shop\/wp-content\/uploads\/2019\/12\/logo-yazi-design-london-renovation.png","contentUrl":"https:\/\/riverdesignlondon.co.uk\/shop\/wp-content\/uploads\/2019\/12\/logo-yazi-design-london-renovation.png","width":370,"height":100,"caption":"River Renovation and Design Studio London"},"image":{"@id":"https:\/\/riverdesignlondon.co.uk\/shop\/#logo"}},{"@type":"WebSite","@id":"https:\/\/riverdesignlondon.co.uk\/shop\/#website","url":"https:\/\/riverdesignlondon.co.uk\/shop\/","name":"River Desing London","description":"Design, Build and Renovation","publisher":{"@id":"https:\/\/riverdesignlondon.co.uk\/shop\/#organization"},"potentialAction":[{"@type":"SearchAction","target":{"@type":"EntryPoint","urlTemplate":"https:\/\/riverdesignlondon.co.uk\/shop\/?s={search_term_string}"},"query-input":"required name=search_term_string"}],"inLanguage":"tr"},{"@type":"WebPage","@id":"https:\/\/riverdesignlondon.co.uk\/shop\/tr\/uyku-odalari\/#webpage","url":"https:\/\/riverdesignlondon.co.uk\/shop\/tr\/uyku-odalari\/","name":"Ta\u015f\u0131nabilir Uyku Odalar\u0131 - River Desing London","isPartOf":{"@id":"https:\/\/riverdesignlondon.co.uk\/shop\/#website"},"datePublished":"2020-01-29T06:47:43+00:00","dateModified":"2021-09-30T18:07:24+00:00","description":"Ta\u015f\u0131nabilir, kullan\u0131m\u0131 kolay, teknolojik, kompakt dinlenme - uyku odalar\u0131 tasarlad\u0131k ve \u00fcrettik. \u00dcr\u00fcnlerimiz hakk\u0131nda detayl\u0131 bilgi almak i\u00e7in t\u0131klay\u0131n\u0131z.","breadcrumb":{"@id":"https:\/\/riverdesignlondon.co.uk\/shop\/tr\/uyku-odalari\/#breadcrumb"},"inLanguage":"tr","potentialAction":[{"@type":"ReadAction","target":["https:\/\/riverdesignlondon.co.uk\/shop\/tr\/uyku-odalari\/"]}]},{"@type":"BreadcrumbList","@id":"https:\/\/riverdesignlondon.co.uk\/shop\/tr\/uyku-odalari\/#breadcrumb","itemListElement":[{"@type":"ListItem","position":1,"name":"Anasayfa","item":"https:\/\/riverdesignlondon.co.uk\/shop\/tr\/home\/"},{"@type":"ListItem","position":2,"name":"Uyku Odalar\u0131"}]}]}},"_links":{"self":[{"href":"https:\/\/riverdesignlondon.co.uk\/shop\/wp-json\/wp\/v2\/pages\/1069"}],"collection":[{"href":"https:\/\/riverdesignlondon.co.uk\/shop\/wp-json\/wp\/v2\/pages"}],"about":[{"href":"https:\/\/riverdesignlondon.co.uk\/shop\/wp-json\/wp\/v2\/types\/page"}],"author":[{"embeddable":true,"href":"https:\/\/riverdesignlondon.co.uk\/shop\/wp-json\/wp\/v2\/users\/1"}],"replies":[{"embeddable":true,"href":"https:\/\/riverdesignlondon.co.uk\/shop\/wp-json\/wp\/v2\/comments?post=1069"}],"version-history":[{"count":1,"href":"https:\/\/riverdesignlondon.co.uk\/shop\/wp-json\/wp\/v2\/pages\/1069\/revisions"}],"predecessor-version":[{"id":1379,"href":"https:\/\/riverdesignlondon.co.uk\/shop\/wp-json\/wp\/v2\/pages\/1069\/revisions\/1379"}],"wp:attachment":[{"href":"https:\/\/riverdesignlondon.co.uk\/shop\/wp-json\/wp\/v2\/media?parent=1069"}],"curies":[{"name":"wp","href":"https:\/\/api.w.org\/{rel}","templated":true}]}}